{"id":9123,"date":"2021-11-14T16:09:50","date_gmt":"2021-11-14T16:09:50","guid":{"rendered":"http:\/\/eu-china.literaryfestival.eu\/?page_id=9123"},"modified":"2021-12-02T07:08:06","modified_gmt":"2021-12-02T07:08:06","slug":"writing-sample-not-gay-as-in-happy","status":"publish","type":"page","link":"https:\/\/eu-china.literaryfestival.eu\/zh-hans\/writing-sample-not-gay-as-in-happy\/","title":{"rendered":"Writing Sample: Not Gay As In Happy"},"content":{"rendered":"\n<!-- wpsso pinterest pin it image added on 2026-04-26T02:27:58+00:00 -->\n<div class=\"wpsso-pinterest-pin-it-image\" style=\"display:none !important;\">\n<\/div><!-- .wpsso-pinterest-pin-it-image -->\n\n<h4 style=\"text-align: center;\"><strong>Not Gay As In Happy<\/strong><\/h4>\n<h5 style=\"text-align: center;\"><\/h5>\n<h5 style=\"text-align: center;\">I\u2019m not gay as in happy<\/h5>\n<h5 style=\"text-align: center;\">but queer as in<\/h5>\n<h5 style=\"text-align: center;\">I still have no fucking idea<\/h5>\n<h5 style=\"text-align: center;\"><\/h5>\n<h5 style=\"text-align: center;\">wouldn\u2019t it have been easy<\/h5>\n<h5 style=\"text-align: center;\"><\/h5>\n<h5 style=\"text-align: center;\">but few of us grew up in rainbow showers<\/h5>\n<h5 style=\"text-align: center;\">we fumbled for our unicorn lovers<\/h5>\n<h5 style=\"text-align: center;\">in pre-dawn hours<\/h5>\n<h5 style=\"text-align: center;\">sneaking under-aged into <em>Don\u2019t Tell Mama<a href=\"#_ftn1\" name=\"_ftnref1\">[1]<\/a><\/em><\/h5>\n<h5 style=\"text-align: center;\"><\/h5>\n<h5 style=\"text-align: center;\">and before I ever trusted to tell mama,<\/h5>\n<h5 style=\"text-align: center;\">she bribed it out of my sister<\/h5>\n<h5 style=\"text-align: center;\"><\/h5>\n<h5 style=\"text-align: center;\">at eighteen<\/h5>\n<h5 style=\"text-align: center;\">moved to the US<\/h5>\n<h5 style=\"text-align: center;\">encountered<\/h5>\n<h5 style=\"text-align: center;\">cut and paste cis-pronouns<\/h5>\n<h5 style=\"text-align: center;\">in activist spaces<\/h5>\n<h5 style=\"text-align: center;\">dreamt of traveling from <em>she<\/em> to <em>shey<\/em> to <em>them<\/em><\/h5>\n<h5 style=\"text-align: center;\">and an entire fucked up cistem can\u2019t hide behind <em>h\u00e4n<a href=\"#_ftn2\" name=\"_ftnref2\">[2]<\/a> <\/em><\/h5>\n<h5 style=\"text-align: center;\">but it used to give me some space<\/h5>\n<h5 style=\"text-align: center;\"><\/h5>\n<h5 style=\"text-align: center;\">collegiate athlete soccer tomboys<\/h5>\n<h5 style=\"text-align: center;\">we snorted adderall<a href=\"#_ftn3\" name=\"_ftnref3\">[3]<\/a> before<\/h5>\n<h5 style=\"text-align: center;\">drunk-driving into the only femme gay bar<\/h5>\n<h5 style=\"text-align: center;\">where we rubbed our sixpacks<\/h5>\n<h5 style=\"text-align: center;\">against chicks with baggy jeans and snap-backs<a href=\"#_ftn4\" name=\"_ftnref4\">[4]<\/a><\/h5>\n<h5 style=\"text-align: center;\"><\/h5>\n<h5 style=\"text-align: center;\">to me<\/h5>\n<h5 style=\"text-align: center;\">queer tastes likes<\/h5>\n<h5 style=\"text-align: center;\">cutting my hair<\/h5>\n<h5 style=\"text-align: center;\">to mirror imagery<\/h5>\n<h5 style=\"text-align: center;\">of what femme beyond binary<\/h5>\n<h5 style=\"text-align: center;\">could be<\/h5>\n<h5 style=\"text-align: center;\"><\/h5>\n<h5 style=\"text-align: center;\">dreaming dreams<\/h5>\n<h5 style=\"text-align: center;\">of unfettered empathy<\/h5>\n<h5 style=\"text-align: center;\">I only ever glimpsed<\/h5>\n<h5 style=\"text-align: center;\">high on LSD<\/h5>\n<h5 style=\"text-align: center;\"><\/h5>\n<h5 style=\"text-align: center;\">interrogating my own complicity<\/h5>\n<h5 style=\"text-align: center;\">with oppression<\/h5>\n<h5 style=\"text-align: center;\">stepping up<\/h5>\n<h5 style=\"text-align: center;\">and then stepping<\/h5>\n<h5 style=\"text-align: center;\"><\/h5>\n<h5 style=\"text-align: center;\">the<\/h5>\n<h5 style=\"text-align: center;\">fuck<\/h5>\n<h5 style=\"text-align: center;\">back<\/h5>\n<h5 style=\"text-align: center;\"><\/h5>\n<h5 style=\"text-align: center;\">unpopular opinions<\/h5>\n<h5 style=\"text-align: center;\">feminist killjoys<a href=\"#_ftn5\" name=\"_ftnref5\">[5]<\/a><\/h5>\n<h5 style=\"text-align: center;\">and the threat<\/h5>\n<h5 style=\"text-align: center;\">of misogynistic violence<\/h5>\n<h5 style=\"text-align: center;\">aimed to shut us up<\/h5>\n<h5 style=\"text-align: center;\"><\/h5>\n<h5 style=\"text-align: center;\">queer tastes like utopia<\/h5>\n<h5 style=\"text-align: center;\">for future generations<\/h5>\n<h5 style=\"text-align: center;\">but understanding<\/h5>\n<h5 style=\"text-align: center;\">that our value isn\u2019t defined through<\/h5>\n<h5 style=\"text-align: center;\">whether or not we contribute to<\/h5>\n<h5 style=\"text-align: center;\">of reproductive labor of this<\/h5>\n<h5 style=\"text-align: center;\">nation<\/h5>\n<h5 style=\"text-align: center;\">founded on the dreams of white rich men<\/h5>\n<h5 style=\"text-align: center;\">they nominated each other<\/h5>\n<h5 style=\"text-align: center;\">to emblaze the national canon<\/h5>\n<h5 style=\"text-align: center;\">after the political massacre<\/h5>\n<h5 style=\"text-align: center;\">of hundreds of red<a href=\"#_ftn6\" name=\"_ftnref6\">[6]<\/a> girls and women<\/h5>\n<h5 style=\"text-align: center;\"><\/h5>\n<h5 style=\"text-align: center;\">not gay as in happy but<\/h5>\n<h5 style=\"text-align: center;\">queer as in fuck you<\/h5>\n<h5 style=\"text-align: center;\">and one day when I am less<\/h5>\n<h5 style=\"text-align: center;\">bound by anxiety attacks<\/h5>\n<h5 style=\"text-align: center;\">triggered by the smell of cheap beer<\/h5>\n<h5 style=\"text-align: center;\">cigarettes and the lingering \u201cno\u201d<\/h5>\n<h5 style=\"text-align: center;\">I never knew how to conjure<\/h5>\n<h5 style=\"text-align: center;\"><\/h5>\n<h5 style=\"text-align: center;\">one day<\/h5>\n<h5 style=\"text-align: center;\">or on some day<\/h5>\n<h5 style=\"text-align: center;\">or maybe some day soon<\/h5>\n<h5 style=\"text-align: center;\">I will say not gay as in happy but<\/h5>\n<h5 style=\"text-align: center;\">queer as in FUCK YOU<\/h5>\n<h5 style=\"text-align: center;\">and YES I would LOVE to get fucked too<\/h5>\n<h5 style=\"text-align: center;\"><\/h5>\n<h5 style=\"text-align: center;\"><\/h5>\n<h5 style=\"text-align: center;\">and I will fuck you<\/h5>\n<h5 style=\"text-align: center;\">like you have never been fucked before<\/h5>\n<h5 style=\"text-align: center;\">you bet I will send your ass<br \/>\nyou soaring over that lubed-up rainbow<\/h5>\n<h5 style=\"text-align: center;\">and when you cum \u00a0\u00a0\u00a0\u00a0\u00a0 crashing on that treasure bed<\/h5>\n<h5 style=\"text-align: center;\">I will tell you to keep sucking my fingers<\/h5>\n<h5 style=\"text-align: center;\">because I am right here<\/h5>\n<h5 style=\"text-align: center;\">behind you<\/h5>\n<h5 style=\"text-align: center;\">high on your shudders of sweat<\/h5>\n<h5 style=\"text-align: center;\"><\/h5>\n<h5 style=\"text-align: center;\">not gay as in happy<\/h5>\n<h5 style=\"text-align: center;\">but queer as in<\/h5>\n<h5 style=\"text-align: center;\">I still have no fucking idea.<\/h5>\n<p style=\"text-align: center;\">\n<h5 style=\"text-align: center;\"><\/h5>\n<h5 style=\"text-align: center;\"><\/h5>\n<h5 style=\"text-align: center;\"><\/h5>\n<h5 style=\"text-align: center;\"><a href=\"#_ftnref1\" name=\"_ftn1\">[1]<\/a> Don\u2019t tell mama is an iconic lgbtq+ night club in Helsinki<\/h5>\n<h5 style=\"text-align: center;\"><a href=\"#_ftnref2\" name=\"_ftn2\">[2]<\/a> H\u00e4n is the Finnish personal pronoun that is used for everyone, Finland only has one (so no he\/she just h\u00e4n).<\/h5>\n<h5 style=\"text-align: center;\"><a href=\"#_ftnref3\" name=\"_ftn3\">[3]<\/a> Adderall is an amphetamine stimulant that is prescribed to people who have been diagnosed with attention-deficit hyperactivity disorder, or ADHD. It is sometimes used recreationally to stay awake longer and be able to drink more alcohol.<\/h5>\n<h5 style=\"text-align: center;\"><\/h5>\n<h5 style=\"text-align: center;\"><a href=\"#_ftnref4\" name=\"_ftn4\">[4]<\/a> A snap-back is an other word for a specific kind of baseball cap.<\/h5>\n<h5 style=\"text-align: center;\"><a href=\"#_ftnref5\" name=\"_ftn5\">[5]<\/a> Feminist Killjoy is a term coined by the feminist scholar Sarah Ahmed<\/h5>\n<h5 style=\"text-align: center;\"><a href=\"#_ftnref6\" name=\"_ftn6\">[6]<\/a> The Finnish Civil War of 1918 was fought between White Finland and Finnish Socialist Worker\u2019s Republic (Red Finland). In the Hennala prison camp over 220 women of the Red Guard were executed in a mass murder that has only recently been publicly discussed in Finland. It has been argued that the brutal executions were carried out to advance so-called \u201dracial purity\u201d (eugenics), because the women were deemed \u201dunfit\u201d to reproduce.<\/h5>\n<p style=\"text-align: center;\">\n<p>&nbsp;<\/p>\n<h6 style=\"text-align: center;\"><strong>Original work published in English in the collection <em>T\u00e4\u00e4ll\u00e4 en pyyd\u00e4 en\u00e4\u00e4 anteeksi<\/em> (Here I No Longer Apologize)<\/strong><\/h6>\n<h6 style=\"text-align: center;\"><strong>Published by Pes\u00e4 Publishing, 2018<\/strong><\/h6>\n<h6 style=\"text-align: center;\"><strong>Footntoes have been added later for the purpose of helping with translation into Chinese.<\/strong><\/h6>\n","protected":false},"excerpt":{"rendered":"<p>Not Gay As In Happy I\u2019m not gay as in happy but queer a&nbsp; &nbsp;<a href=\"https:\/\/eu-china.literaryfestival.eu\/zh-hans\/writing-sample-not-gay-as-in-happy\/\">&#8230;\u66f4\u591a\u5185\u5bb9<\/a><\/p>\n","protected":false},"author":7,"featured_media":0,"parent":0,"menu_order":0,"comment_status":"closed","ping_status":"closed","template":"","meta":[],"_links":{"self":[{"href":"https:\/\/eu-china.literaryfestival.eu\/zh-hans\/wp-json\/wp\/v2\/pages\/9123"}],"collection":[{"href":"https:\/\/eu-china.literaryfestival.eu\/zh-hans\/wp-json\/wp\/v2\/pages"}],"about":[{"href":"https:\/\/eu-china.literaryfestival.eu\/zh-hans\/wp-json\/wp\/v2\/types\/page"}],"author":[{"embeddable":true,"href":"https:\/\/eu-china.literaryfestival.eu\/zh-hans\/wp-json\/wp\/v2\/users\/7"}],"replies":[{"embeddable":true,"href":"https:\/\/eu-china.literaryfestival.eu\/zh-hans\/wp-json\/wp\/v2\/comments?post=9123"}],"version-history":[{"count":5,"href":"https:\/\/eu-china.literaryfestival.eu\/zh-hans\/wp-json\/wp\/v2\/pages\/9123\/revisions"}],"predecessor-version":[{"id":9912,"href":"https:\/\/eu-china.literaryfestival.eu\/zh-hans\/wp-json\/wp\/v2\/pages\/9123\/revisions\/9912"}],"wp:attachment":[{"href":"https:\/\/eu-china.literaryfestival.eu\/zh-hans\/wp-json\/wp\/v2\/media?parent=9123"}],"curies":[{"name":"wp","href":"https:\/\/api.w.org\/{rel}","templated":true}]}}