{"id":10664,"date":"2021-12-31T06:48:57","date_gmt":"2021-12-31T06:48:57","guid":{"rendered":"http:\/\/eu-china.literaryfestival.eu\/?page_id=10664"},"modified":"2021-12-31T06:48:57","modified_gmt":"2021-12-31T06:48:57","slug":"translated-excerpt-obrazy-zo-zivota-m-svetlana-zuchova","status":"publish","type":"page","link":"http:\/\/eu-china.literaryfestival.eu\/zh-hans\/translated-excerpt-obrazy-zo-zivota-m-svetlana-zuchova\/","title":{"rendered":"Translated Excerpt &#8211; OBRAZY ZO \u017dIVOTA M.  &#8211; Svetlana \u017duchov\u00e1"},"content":{"rendered":"\n<!-- wpsso pinterest pin it image added on 2026-04-30T10:35:30+00:00 -->\n<div class=\"wpsso-pinterest-pin-it-image\" style=\"display:none !important;\">\n<\/div><!-- .wpsso-pinterest-pin-it-image -->\n\n<p style=\"text-align: center;\"><em><strong>OBRAZY ZO \u017dIVOTA M.<\/strong><\/em><\/p>\n<h4 style=\"text-align: center;\"><strong style=\"color: inherit;\">Svetlana \u017duchov\u00e1<\/strong><\/h4>\n<p>&nbsp;<\/p>\n<h4 style=\"text-align: center;\"><\/h4>\n<h5 style=\"text-align: left;\">Emptiness<\/h5>\n<h5 style=\"text-align: left;\">\nThe day Mum died I went to the swimming pool. Mum died at daybreak and they called me from the hospital just before seven. At that time I was visiting Mum every weekend, and from Friday to Sunday I slept in her empty flat. It was then that Janut moved out. I had placed great hopes in my relationship with Janut. I had wanted to mature with Janut, because maturity was something that fascinated me. From morning to evening we had our hands full working on maturity. I imagined that maturity consisted of furnishing a flat, of a rental agreement and savings in a bank account. I noticed my interest in maturity one weekend afternoon in Ikea. You see, the supposition is that a person becomes aware of something at one particular moment. For example, one of Oto\u2019s sisters once told me that she became aware of her future husband\u2019s love when he said he wanted to have a child with her. Janut, on the other hand, claimed that he decided not to go to work any more when his boss called him into his office in a caravan. Apparently, he didn\u2019t even invite him to sit down and Janut had to listen to his abuse standing up. I\u2019m not sure that it is true. Whether we really become aware of certain facts from one moment to the next and we suddenly know something we didn\u2019t know before. At a precise moment in time. It may be rather that our awareness of something slowly ripens within us and gradually gets nearer and nearer to the surface. And then, seemingly all of a sudden, it becomes visible. And it is equally possible that moments of realisation don\u2019t in fact exist and are created retrospectively in our memories. That this gradual, slow smouldering is compressed in our memories into an instant when we became aware of something. As if all of a sudden, from one moment to the next.<\/h5>\n<h5 style=\"text-align: left;\">\n(\u2026)<\/h5>\n<h5 style=\"text-align: left;\">\nWhen Janut stopped going to work, he suggested that we should go to Ikea. It\u2019s true we haven\u2019t yet got a rental agreement or work permit, but for a start we could at least buy a new bed. I agreed and one weekend we took an afternoon train to the shopping centre. All my life I have had a well-defined taste in furniture. I grew up with my grandmother in a house furnished with heavy antique furniture.<\/h5>\n<h5 style=\"text-align: left;\"><\/h5>\n<h5 style=\"text-align: left;\"><\/h5>\n<h5 style=\"text-align: left;\"><\/h5>\n<h5 style=\"text-align: left;\"><strong>&#8211; Translated by Heather Trebaticka<\/strong><\/h5>\n","protected":false},"excerpt":{"rendered":"<p>OBRAZY ZO \u017dIVOTA M. Svetlana \u017duchov\u00e1 &nbsp; Emptiness T&nbsp; &nbsp;<a href=\"http:\/\/eu-china.literaryfestival.eu\/zh-hans\/translated-excerpt-obrazy-zo-zivota-m-svetlana-zuchova\/\">&#8230;\u66f4\u591a\u5185\u5bb9<\/a><\/p>\n","protected":false},"author":7,"featured_media":0,"parent":0,"menu_order":0,"comment_status":"closed","ping_status":"closed","template":"","meta":[],"_links":{"self":[{"href":"http:\/\/eu-china.literaryfestival.eu\/zh-hans\/wp-json\/wp\/v2\/pages\/10664"}],"collection":[{"href":"http:\/\/eu-china.literaryfestival.eu\/zh-hans\/wp-json\/wp\/v2\/pages"}],"about":[{"href":"http:\/\/eu-china.literaryfestival.eu\/zh-hans\/wp-json\/wp\/v2\/types\/page"}],"author":[{"embeddable":true,"href":"http:\/\/eu-china.literaryfestival.eu\/zh-hans\/wp-json\/wp\/v2\/users\/7"}],"replies":[{"embeddable":true,"href":"http:\/\/eu-china.literaryfestival.eu\/zh-hans\/wp-json\/wp\/v2\/comments?post=10664"}],"version-history":[{"count":1,"href":"http:\/\/eu-china.literaryfestival.eu\/zh-hans\/wp-json\/wp\/v2\/pages\/10664\/revisions"}],"predecessor-version":[{"id":10665,"href":"http:\/\/eu-china.literaryfestival.eu\/zh-hans\/wp-json\/wp\/v2\/pages\/10664\/revisions\/10665"}],"wp:attachment":[{"href":"http:\/\/eu-china.literaryfestival.eu\/zh-hans\/wp-json\/wp\/v2\/media?parent=10664"}],"curies":[{"name":"wp","href":"https:\/\/api.w.org\/{rel}","templated":true}]}}