{"id":10565,"date":"2021-12-30T07:26:00","date_gmt":"2021-12-30T07:26:00","guid":{"rendered":"http:\/\/eu-china.literaryfestival.eu\/?page_id=10565"},"modified":"2022-01-06T06:05:32","modified_gmt":"2022-01-06T06:05:32","slug":"eupl-frederico-pedreira","status":"publish","type":"page","link":"http:\/\/eu-china.literaryfestival.eu\/zh-hans\/eupl-frederico-pedreira\/","title":{"rendered":"EUPL &#8211; Frederico Pedreira"},"content":{"rendered":"\n<!-- wpsso pinterest pin it image added on 2026-04-30T09:34:42+00:00 -->\n<div class=\"wpsso-pinterest-pin-it-image\" style=\"display:none !important;\">\n<\/div><!-- .wpsso-pinterest-pin-it-image -->\n\n<p><img loading=\"lazy\" class=\"alignnone wp-image-10566 size-full\" src=\"http:\/\/eu-china.literaryfestival.eu\/wp-content\/uploads\/2021\/12\/23-2.jpg\" alt=\"\" width=\"900\" height=\"383\" srcset=\"http:\/\/eu-china.literaryfestival.eu\/wp-content\/uploads\/2021\/12\/23-2.jpg 900w, http:\/\/eu-china.literaryfestival.eu\/wp-content\/uploads\/2021\/12\/23-2-300x128.jpg 300w, http:\/\/eu-china.literaryfestival.eu\/wp-content\/uploads\/2021\/12\/23-2-768x327.jpg 768w, http:\/\/eu-china.literaryfestival.eu\/wp-content\/uploads\/2021\/12\/23-2-728x310.jpg 728w, http:\/\/eu-china.literaryfestival.eu\/wp-content\/uploads\/2021\/12\/23-2-600x255.jpg 600w, http:\/\/eu-china.literaryfestival.eu\/wp-content\/uploads\/2021\/12\/23-2-800x340.jpg 800w\" sizes=\"(max-width: 900px) 100vw, 900px\" \/><\/p>\n<h5 style=\"text-align: left;\"><strong>Frederico Pedreira<\/strong> was born in 1983. He has published six books of poetry, two novels, a collection of short stories and a book of essays. After pursuing a master\u2019s degree at Royal Holloway, University of London, where he wrote extensively on Joyce, Beckett and John Cassavetes, Pedreira returned to Portugal to become a journalist, translator and bookseller. Since then, he has lived in Italy and France, won an academic scholarship and did a PhD in literary theory at the University of Lisbon. In 2016, a book based on his dissertation was awarded the INCM\/Vasco Gra\u00e7a Moura Prize for best essay in humanities. Throughout the years, his books have been acclaimed by the Portuguese press. He has recently finished writing a long essay dealing with the notions of intimacy and theatricality in poetry and the visual arts, drawing on a long and often overlooked tradition of Portuguese poets of the second half of the 20th century and beyond. Pedreira has translated collections of poetry by W. B. Yeats and Louise Gl\u00fcck, books of essays by Chesterton and Orwell, and novels by Dickens, Swift, Wells, Hardy, Banville and Woolf. His interests include philosophy of language, literary criticism, perception, scepticism, the philosophers Wittgenstein and Stanley Cavell, and the art critic Michael Fried.<\/h5>\n<p>&nbsp;<\/p>\n<p>&nbsp;<\/p>\n<p style=\"text-align: center;\"><strong>EUPL Year 2021<\/strong><\/p>\n<p><img loading=\"lazy\" class=\"size-medium wp-image-10568 aligncenter\" src=\"http:\/\/eu-china.literaryfestival.eu\/wp-content\/uploads\/2021\/12\/ddfdfdfd-191x300.jpg\" alt=\"\" width=\"191\" height=\"300\" srcset=\"http:\/\/eu-china.literaryfestival.eu\/wp-content\/uploads\/2021\/12\/ddfdfdfd-191x300.jpg 191w, http:\/\/eu-china.literaryfestival.eu\/wp-content\/uploads\/2021\/12\/ddfdfdfd-255x400.jpg 255w, http:\/\/eu-china.literaryfestival.eu\/wp-content\/uploads\/2021\/12\/ddfdfdfd.jpg 294w\" sizes=\"(max-width: 191px) 100vw, 191px\" \/><\/p>\n<h5 style=\"text-align: center;\"><strong><b>A LI\u00c7\u00c3O DO SON\u00c2MBULO<\/b><\/strong><\/h5>\n<h5 style=\"text-align: center;\"><strong><b> (THE SLEEPWALKER&#8217;S LESSON)<\/b><\/strong><\/h5>\n<p>&nbsp;<\/p>\n<h5 style=\"text-align: left;\">A boy obsessed with losing weight spends his endless summer holidays at his grandparents\u2019 home \u2013 the iconic \u2018green house\u2019 where his father and six uncles once lived, leaving behind a treasure of objects and memories. With his brother, he incessantly watches a videotape of the 1990 European Cup Final between AC Milan and SL Benfica while, unnoticed, the family dog suffers an epileptic attack. In the hot summer nights, the boy gazes, dreaming, at 1980s posters advertising tobacco brands and of famous racing drivers like Fittipaldi and Prost. There is an immense library in the green house, once the property of his great-grandfather, who in his lifetime became somewhat close to the famous Portuguese writer Fernando Pessoa. Abandoning his obsession with football, the boy focuses on the dusty spines of endless rows of books, questioning the choices of his ancestor, whom he saw only once or twice when he was in a state of decrepitude. A journey of self-discovery begins, starting with the boy\u2019s cherished travels with his mother \u2013 to the United States, Tunisia and Brazil \u2013 and ending with a conflicted period of existential self-doubt in the stuffy room of a college dormitory. The boy becomes a young adult who \u2013 surrounded by not so sane aspiring students from all over the world \u2013 feels he shouldn\u2019t have left his country and comes to loathe the idea of being a \u2018citizen of the world\u2019. However, there is a new friend and a new family waiting for him. Will that be enough to make sense of his past and its link to his chosen future?<\/h5>\n<p>&nbsp;<\/p>\n<p>&nbsp;<\/p>\n<p style=\"text-align: center;\"><a href=\"\/?page_id=10570\"><strong>Translated Excerpt<\/strong><\/a><\/p>\n<p>&nbsp;<\/p>\n<p>&nbsp;<\/p>\n<p style=\"text-align: center;\"><strong>EUPL | Video<\/strong><\/p>\n<p><a href=\"https:\/\/v.youku.com\/v_show\/id_XNTgzMDUwNjY0OA==.html\">https:\/\/v.youku.com\/v_show\/id_XNTgzMDUwNjY0OA==.html<\/a><\/p>\n<p>&nbsp;<\/p>\n<p>&nbsp;<\/p>\n<p>&nbsp;<\/p>\n<p>&nbsp;<\/p>\n<p style=\"text-align: left;\"><strong>Contact Details<\/strong><\/p>\n<h5 style=\"text-align: left;\"><strong>Publisher\uff1a<\/strong><a href=\"mailto:companhiadasilhas.lda@gmail.com\"><u>companhiadasilhas.lda@gmail.com<\/u><\/a><\/h5>\n<h5 style=\"text-align: left;\"><strong><b>Organisation:\u00a0<\/b><\/strong>Companhia das Ilhas<\/h5>\n<h5 style=\"text-align: left;\"><a href=\"https:\/\/companhiadasilhas.pt\/\"><u>https:\/\/companhiadasilhas.pt\/<\/u><\/a><\/h5>\n<h5 style=\"text-align: left;\"><\/h5>\n<p style=\"text-align: left;\">\n","protected":false},"excerpt":{"rendered":"<p>Frederico Pedreira was born in 1983. He has published s&nbsp; &nbsp;<a href=\"http:\/\/eu-china.literaryfestival.eu\/zh-hans\/eupl-frederico-pedreira\/\">&#8230;\u66f4\u591a\u5185\u5bb9<\/a><\/p>\n","protected":false},"author":7,"featured_media":0,"parent":0,"menu_order":0,"comment_status":"closed","ping_status":"closed","template":"","meta":[],"_links":{"self":[{"href":"http:\/\/eu-china.literaryfestival.eu\/zh-hans\/wp-json\/wp\/v2\/pages\/10565"}],"collection":[{"href":"http:\/\/eu-china.literaryfestival.eu\/zh-hans\/wp-json\/wp\/v2\/pages"}],"about":[{"href":"http:\/\/eu-china.literaryfestival.eu\/zh-hans\/wp-json\/wp\/v2\/types\/page"}],"author":[{"embeddable":true,"href":"http:\/\/eu-china.literaryfestival.eu\/zh-hans\/wp-json\/wp\/v2\/users\/7"}],"replies":[{"embeddable":true,"href":"http:\/\/eu-china.literaryfestival.eu\/zh-hans\/wp-json\/wp\/v2\/comments?post=10565"}],"version-history":[{"count":5,"href":"http:\/\/eu-china.literaryfestival.eu\/zh-hans\/wp-json\/wp\/v2\/pages\/10565\/revisions"}],"predecessor-version":[{"id":10785,"href":"http:\/\/eu-china.literaryfestival.eu\/zh-hans\/wp-json\/wp\/v2\/pages\/10565\/revisions\/10785"}],"wp:attachment":[{"href":"http:\/\/eu-china.literaryfestival.eu\/zh-hans\/wp-json\/wp\/v2\/media?parent=10565"}],"curies":[{"name":"wp","href":"https:\/\/api.w.org\/{rel}","templated":true}]}}