{"id":10449,"date":"2021-12-29T05:04:18","date_gmt":"2021-12-29T05:04:18","guid":{"rendered":"http:\/\/eu-china.literaryfestival.eu\/?page_id=10449"},"modified":"2021-12-29T05:04:18","modified_gmt":"2021-12-29T05:04:18","slug":"translated-excerpt-deathmaiden-%e2%80%8b-lucie-faulerova","status":"publish","type":"page","link":"http:\/\/eu-china.literaryfestival.eu\/zh-hans\/translated-excerpt-deathmaiden-%e2%80%8b-lucie-faulerova\/","title":{"rendered":"Translated Excerpt &#8211; Deathmaiden\u00a0\u200b-\u00a0Lucie\u00a0Faulerov\u00e1"},"content":{"rendered":"\n<!-- wpsso pinterest pin it image added on 2026-04-30T10:35:31+00:00 -->\n<div class=\"wpsso-pinterest-pin-it-image\" style=\"display:none !important;\">\n<\/div><!-- .wpsso-pinterest-pin-it-image -->\n\n<h3 style=\"text-align: center;\"><strong>Deathmaiden<\/strong><\/h3>\n<h4 style=\"text-align: center;\"><strong>Lucie Faulerov\u00e1<\/strong><\/h4>\n<h5 style=\"text-align: left;\"><\/h5>\n<h5 style=\"text-align: left;\"><\/h5>\n<h5 style=\"text-align: left;\"><\/h5>\n<h5 style=\"text-align: left;\">See the little choo-choo chugging down the track. Hear the whistle, toot toot toot, as it goes down and back. Hear the whistle, toot toot toot, as it goes down and back.<\/h5>\n<p>&nbsp;<\/p>\n<h5 style=\"text-align: left;\">Sh-sh-sh-sh-sh-sh-ooo.<\/h5>\n<p>&nbsp;<\/p>\n<h5 style=\"text-align: left;\">I watch the fields and meadows and woods and sky, or the fields and meadows and woods and sky are watching me, just like if you gaze too long into the abyss it gazes into you, or something like that, and I could tell you all about it, I could tell you about it right now even, while it\u2019s passing by the windows and I don\u2019t have to move an inch\u2014time here dances to my tune. Outside the windows the years go flying by, but here inside, everything waits along with me.<\/h5>\n<p>&nbsp;<\/p>\n<h5 style=\"text-align: left;\">We barrel along, faster than the river, the river I can\u2019t step into twice, three times, a hundred times, no! I see an effigy of Morana, goddess of death and winter, floating downstream in the distance, a new summer is headed our way. I reach into my pocket where I always keep a stone tucked away. Out of habit.<\/h5>\n<p>&nbsp;<\/p>\n<h5 style=\"text-align: left;\">But the river isn\u2019t outside the window anymore.<\/h5>\n<p>&nbsp;<\/p>\n<h5 style=\"text-align: left;\">Now, instead, it\u2019s the two of us, me and Madlenka, flying a kite. Up, up, up it goes, flying over the cornfield, and the field is full of Madlenka\u2019s laughter as she lets out the string from her fingers, feeding it to the wind.<\/h5>\n<p>&nbsp;<\/p>\n<h5 style=\"text-align: left;\">Ta-dum ta-dum.<\/h5>\n<p>&nbsp;<\/p>\n<h5 style=\"text-align: left;\">Now, instead of a kite, my dad\u2019s face, which in the space of a moment changes into the four seasons. He tries to speak, but the line of his mouth just keeps getting thinner. A Russian melody wafts through the church\u2014<\/h5>\n<p>&nbsp;<\/p>\n<h5 style=\"text-align: left;\">Ta-dum ta-dum.<\/h5>\n<p>&nbsp;<\/p>\n<h5 style=\"text-align: left;\">My dad turns into a leafy tree, and underneath me the branch breaks and I fall, ripe apricots tumbling down around me. Karamel barks. Something cracks and it isn\u2019t a branch. My arm at a funny angle. Roots digging into my back. Karamel\u2019s snout on my forehead. Adam screams: \u201cM\u00e1ry!\u201d<\/h5>\n<p>&nbsp;<\/p>\n<h5 style=\"text-align: left;\">Ta-dum ta-dum.<\/h5>\n<p>&nbsp;<\/p>\n<h5 style=\"text-align: left;\">A gym full of people bent into camel pose. \u201cBreathe shallowly so you don\u2019t get dizzy,\u201d I hear the instructor say, watching everyone upside down from upside down. \u201cBreathe shal\u2014\u201d I hear upside down. Then start holding my breath.<\/h5>\n<p>&nbsp;<\/p>\n<h5 style=\"text-align: left;\">Ta-dum ta-dum.<\/h5>\n<p>&nbsp;<\/p>\n<h5 style=\"text-align: left;\">My mother\u2019s back in the doorframe, feet barely grazing the threshold as she quietly slips out of the house. From my hiding place in the entryway I hear the click of the lock and watch the door handle return to a horizontal position as my mother carefully, quietly, ev-er so slow-ly closes it from the other side.<\/h5>\n<p>&nbsp;<\/p>\n<h5 style=\"text-align: left;\">Ta-dum ta-dum.<\/h5>\n<p>&nbsp;<\/p>\n<h5 style=\"text-align: left;\">Madlenka\u2019s hand is a gun, which she holds to her temple, and she pulls the trigger.<\/h5>\n<p>&nbsp;<\/p>\n<h5 style=\"text-align: left;\">Ta-dum ta-dum.<\/h5>\n<p>&nbsp;<\/p>\n<h5 style=\"text-align: left;\">And the water, the water! The icy water . . .<\/h5>\n<p>&nbsp;<\/p>\n<h5 style=\"text-align: left;\">Ta-dum. My dad\u2019s face. Madlenka\u2019s laughter. Licking my nose. Breathe shal\u2014. Pulling the trigger. Ev-er so slow-. Adam. Screaming. M\u00e1ry!<\/h5>\n<p>&nbsp;<\/p>\n<h5 style=\"text-align: left;\">Clack-clack.<\/h5>\n<p>&nbsp;<\/p>\n<h5 style=\"text-align: left;\">And then\u2014you. Opening the door for me.<\/h5>\n<p>&nbsp;<\/p>\n<h5 style=\"text-align: left;\">Ta-dum ta-dum. Ta-dum ta-dum.<\/h5>\n<p>&nbsp;<\/p>\n<h5 style=\"text-align: left;\">***<\/h5>\n<p>&nbsp;<\/p>\n<h5 style=\"text-align: left;\">They say nobody noticed the girl lying on the subway tracks. They say she walked down the stairs right at the mouth of the tunnel, in front of the big black hole\u2014just walked right down and lay on her back across the tracks with her neck on the rails. And waited. For the C line, Let\u0148any\u2014H\u00e1je.<\/h5>\n<p>&nbsp;<\/p>\n<h5 style=\"text-align: left;\">And now that girl\u2019s in my head, lying perfectly perpendicular across the tracks, neck on the rails. I see her standing on the platform, a few minutes maybe, maybe hours, and every time a train pulls into the station she dissolves into the exiting crowd, disappearing from view, then reemerging again, and when the space around her empties\u2014there she is, standing the same way she was a moment before, as if washed over by a wave, barely licking the shore and receding back into the sea. Then, after some length of time that she decides, she walks slowly to the edge of the platform, descends the stairs, one, two, three, and lies down, perpendicular across the tracks, neck on the rails\u2014like a sleeper, holding the rails in place.<\/h5>\n<p>&nbsp;<\/p>\n<h5 style=\"text-align: left;\">I wonder if her eyes are open.<\/h5>\n<p>&nbsp;<\/p>\n<h5 style=\"text-align: left;\">I wonder if she\u2019s scared.<\/h5>\n<p>&nbsp;<\/p>\n<h5 style=\"text-align: left;\">I wonder if she feels relieved.<\/h5>\n<p>&nbsp;<\/p>\n<h5 style=\"text-align: left;\">I wonder about the girl and the head that detached from her body unnoticed as she waited for line C of the Prague Metro, Let\u0148any\u2014H\u00e1je.<\/h5>\n<p>&nbsp;<\/p>\n<h5 style=\"text-align: left;\">Ta-dum.<\/h5>\n<p>&nbsp;<\/p>\n<h5 style=\"text-align: left;\">When I was little, I wanted to be a magician. There are times when I still do. But mostly it was just when I was little. I used to videotape David Copperfield\u2019s show on TV, then rewind it to the best scenes and practice along with him, standing in front of the screen. I also used to watch the Czech illusionist Ko\u017e\u00ed\u0161ek perform sometimes on\u00a0<em><i>The Golden Cage<\/i><\/em>\u00a0or some other variety show. But I never got into him the way I got into Copperfield. I even watched reruns of\u00a0<em><i>Maybe a Magician Will Drop By<\/i><\/em>, every episode, all the way to the end. No magician ever showed up. It was just a stupid line. Adam, my brother, made fun of me. And meanwhile he was the one who told me to watch, since it said there\u2019d be a magician.<\/h5>\n<p>&nbsp;<\/p>\n<h5 style=\"text-align: left;\">Even back then I thought it was weird that only men did tricks and the women were just there as underlings and ass-shakers, handing the men their props and smiling radiantly, or playing the role of mock victim, climbing into the coffin with a radiant smile to be sawed in half and glued back together again, or locked in a closet to disappear, then reappear\u2014it\u2019s magic! To be clear, I didn\u2019t find it weird in a fascist sexist gender way, just a regular kind of weird, which only made me want to be the world\u2019s first woman magician even more, and I wouldn\u2019t need an assistant to smile radiantly or hand me props or use me as a guinea pig. I could do it all on my own. Back then, there was no Internet yet, and the town where I lived took a long time to get it even after they already had it everyplace else, so I would go to our local library, which was so little they didn\u2019t have much of a selection of any books, never mind books of magic tricks. But there was one that I used to check out and take home with me, and I flipped through it so many times practicing the tricks that I flipped it to death and practically wore the magic right out of it. The tricks in it were mostly for little kids. I learned them all, no need of any assistant or helper. All I could do, of course, was sleight of hand with cards and coins and scarves and a matchbox. I performed the tricks for my family, the neighbors, Mr. Vor\u00e1\u010dek down at the pub, the doctors at the hospital, my classmates at school, even the teacher, when it was her turn to be hallway monitor. I did tricks for everyone, over and over again, but pretty soon we all got tired of it.<\/h5>\n<p>&nbsp;<\/p>\n<h5 style=\"text-align: left;\">I wanted to learn bigger tricks so people would be crazy amazed, not just to make me happy, but so they would be amazed for real, and say to themselves: Wait, how did she did do that? And then say out loud to me: Wait, how did you do that? And I would just smile that mysterious smile I practiced in front of the mirror, and maybe super-mysteriously raise an eyebrow, but I wouldn\u2019t give away nada. The only problem was, there was nowhere to learn those tricks. I kept bugging the librarian to order a book of witchcraft, but the closest she ever came was\u00a0<em><i>Harry Potter and the Philosopher\u2019s Stone<\/i><\/em>. She didn\u2019t have a clue. Then one day my dad took me and Madla and Adam into the city. I was eight, Madla was six, and Adam was fifteen. Adam got the latest version of\u00a0<em><i>Dragon\u2019s Den<\/i><\/em>\u00a0and the\u00a0<em><i>Dungeon Master\u2019s Guide<\/i><\/em>\u00a0with it, Madla got a book of nursery rhymes, and I got a magic book. It had glitter on it and a picture of a boy in a hat\u2014probably like the one Harry Potter wore at Hogwarts\u2014and finally I learned some new tricks.<\/h5>\n<p>&nbsp;<\/p>\n<h5 style=\"text-align: left;\">But still, the one trick I wanted to learn the most wasn\u2019t in there. It wasn\u2019t in any book I\u2019d seen. You can probably guess, right? Tell me, if you were going to be a magician, what\u2019s the first thing you\u2019d want to learn? I wanted to know how to disappear. OK, sure, but why? Because whenever I saw a magician, or their female assistant, disappear, I wanted to know what happened to them. Did they just, like, dissolve into space, or did they actually go someplace else? And if they did, where did they go and what did it look like? Was it someplace they knew? Did they go back home, quick wash the dishes they didn\u2019t have time for before the show, and then come back? Or did they go someplace nice? Like the plains or the woods or a desert or a beach? Or was it not a place at all, like maybe another dimension, a place just for magicians? Was it just their bodies that disappeared, or their souls too? Was it up to them, or was it out of their control?<\/h5>\n<p>&nbsp;<\/p>\n<h5 style=\"text-align: left;\">I wanted to vanish. To explore whatever place it was they disappeared to. And then come back again. Come back.<\/h5>\n<p>&nbsp;<\/p>\n<h5 style=\"text-align: left;\">Ta-dum.<\/h5>\n<p>&nbsp;<\/p>\n<h5 style=\"text-align: left;\">I watch myself reflected in the train window while at the same time I watch myself reflected in the window of Adam\u2019s room. His head is six feet behind mine in the reflection and I\u2019m bawling because I just found out there is no such place. And I\u2019m a little baby if I believe in magic, because all magic is just make-believe, duh!<\/h5>\n<p>&nbsp;<\/p>\n<h5 style=\"text-align: left;\">Sh-sh-sh-sh-sh-sh-sh-sh.<\/h5>\n<h5 style=\"text-align: left;\"><\/h5>\n<p>&nbsp;<\/p>\n<h6 style=\"text-align: left;\"><strong>&#8211; Translation: Alex Zucker<\/strong><\/h6>\n","protected":false},"excerpt":{"rendered":"<p>Deathmaiden Lucie Faulerov\u00e1 See the little choo-choo ch&nbsp; &nbsp;<a href=\"http:\/\/eu-china.literaryfestival.eu\/zh-hans\/translated-excerpt-deathmaiden-%e2%80%8b-lucie-faulerova\/\">&#8230;\u66f4\u591a\u5185\u5bb9<\/a><\/p>\n","protected":false},"author":7,"featured_media":0,"parent":0,"menu_order":0,"comment_status":"closed","ping_status":"closed","template":"","meta":[],"_links":{"self":[{"href":"http:\/\/eu-china.literaryfestival.eu\/zh-hans\/wp-json\/wp\/v2\/pages\/10449"}],"collection":[{"href":"http:\/\/eu-china.literaryfestival.eu\/zh-hans\/wp-json\/wp\/v2\/pages"}],"about":[{"href":"http:\/\/eu-china.literaryfestival.eu\/zh-hans\/wp-json\/wp\/v2\/types\/page"}],"author":[{"embeddable":true,"href":"http:\/\/eu-china.literaryfestival.eu\/zh-hans\/wp-json\/wp\/v2\/users\/7"}],"replies":[{"embeddable":true,"href":"http:\/\/eu-china.literaryfestival.eu\/zh-hans\/wp-json\/wp\/v2\/comments?post=10449"}],"version-history":[{"count":1,"href":"http:\/\/eu-china.literaryfestival.eu\/zh-hans\/wp-json\/wp\/v2\/pages\/10449\/revisions"}],"predecessor-version":[{"id":10450,"href":"http:\/\/eu-china.literaryfestival.eu\/zh-hans\/wp-json\/wp\/v2\/pages\/10449\/revisions\/10450"}],"wp:attachment":[{"href":"http:\/\/eu-china.literaryfestival.eu\/zh-hans\/wp-json\/wp\/v2\/media?parent=10449"}],"curies":[{"name":"wp","href":"https:\/\/api.w.org\/{rel}","templated":true}]}}