{"id":10448,"date":"2021-12-29T05:06:03","date_gmt":"2021-12-29T05:06:03","guid":{"rendered":"http:\/\/eu-china.literaryfestival.eu\/?page_id=10448"},"modified":"2022-01-06T06:00:14","modified_gmt":"2022-01-06T06:00:14","slug":"eupl-lucie-faulerova","status":"publish","type":"page","link":"http:\/\/eu-china.literaryfestival.eu\/zh-hans\/eupl-lucie-faulerova\/","title":{"rendered":"EUPL &#8211; Lucie Faulerov\u00e1"},"content":{"rendered":"\n<!-- wpsso pinterest pin it image added on 2026-04-30T09:35:09+00:00 -->\n<div class=\"wpsso-pinterest-pin-it-image\" style=\"display:none !important;\">\n<\/div><!-- .wpsso-pinterest-pin-it-image -->\n\n<p><img loading=\"lazy\" class=\"alignnone wp-image-10441 size-full\" src=\"http:\/\/eu-china.literaryfestival.eu\/wp-content\/uploads\/2021\/12\/81.jpg\" alt=\"\" width=\"900\" height=\"383\" srcset=\"http:\/\/eu-china.literaryfestival.eu\/wp-content\/uploads\/2021\/12\/81.jpg 900w, http:\/\/eu-china.literaryfestival.eu\/wp-content\/uploads\/2021\/12\/81-300x128.jpg 300w, http:\/\/eu-china.literaryfestival.eu\/wp-content\/uploads\/2021\/12\/81-768x327.jpg 768w, http:\/\/eu-china.literaryfestival.eu\/wp-content\/uploads\/2021\/12\/81-728x310.jpg 728w, http:\/\/eu-china.literaryfestival.eu\/wp-content\/uploads\/2021\/12\/81-600x255.jpg 600w, http:\/\/eu-china.literaryfestival.eu\/wp-content\/uploads\/2021\/12\/81-800x340.jpg 800w\" sizes=\"(max-width: 900px) 100vw, 900px\" \/><\/p>\n<h5 style=\"text-align: left;\"><strong>Lucie Faulerov\u00e1<\/strong>, born in 1989, is a writer, editor and aspiring screenwriter. She graduated in Czech studies from the Palack\u00fd University in Olomouc. She attracted the attention of readers and critics with her debut novel,\u00a0<em><i>Lapa\u010di prachu (Dust Catchers),<\/i><\/em>\u00a0which was nominated for the 2017 Magnesia Litera Award for prose and the Ji\u0159\u00ed Orten Award for authors up to 30 years old. The book was published in Spanish in 2020, and a German translation will be published soon. With the prominent Czech conceptual artist Kate\u0159ina \u0160ed\u00e1, Lucie co-authored the book\u00a0<em><i>BRNOX \u2013 Pr\u016fvodce brn\u011bnsk\u00fdm Bronxem (BRNOX \u2013 A guide to Brno\u2019s Bronx),<\/i><\/em>\u00a0about a socially disadvantaged area of Brno. It won the 2016 Magnesia Litera Award for journalism. In 2020, Faulerov\u00e1 published her new novel\u00a0<em><i>Smrtholka (Deathmaiden),<\/i><\/em>\u00a0a family mosaic about three siblings and the desire to live your own life in spite of darkness. The book is currently being translated into Spanish and has been nominated for the 2021 Magnesia Litera Award for prose, the winner of which will be announced on 8 June\u00a02021. In 2020, she participated in the Czech Center New York programme Stories in Times of Corona, contributing with the short story \u2018<em><i>Objects in Mirror Are Closer than They Appear<\/i><\/em>\u2019.<\/h5>\n<p>&nbsp;<\/p>\n<p>&nbsp;<\/p>\n<p style=\"text-align: center;\"><strong>EUPL Year 2021 | Winning Book<\/strong><\/p>\n<p><img loading=\"lazy\" class=\"size-medium wp-image-10443 aligncenter\" src=\"http:\/\/eu-china.literaryfestival.eu\/wp-content\/uploads\/2021\/12\/xxxxxx-179x300.jpg\" alt=\"\" width=\"179\" height=\"300\" srcset=\"http:\/\/eu-china.literaryfestival.eu\/wp-content\/uploads\/2021\/12\/xxxxxx-179x300.jpg 179w, http:\/\/eu-china.literaryfestival.eu\/wp-content\/uploads\/2021\/12\/xxxxxx-298x500.jpg 298w, http:\/\/eu-china.literaryfestival.eu\/wp-content\/uploads\/2021\/12\/xxxxxx-239x400.jpg 239w, http:\/\/eu-china.literaryfestival.eu\/wp-content\/uploads\/2021\/12\/xxxxxx.jpg 537w\" sizes=\"(max-width: 179px) 100vw, 179px\" \/><\/p>\n<h5 style=\"text-align: center;\"><strong><b>SMRTHOLKA (DEATHMAIDEN)<\/b><\/strong><\/h5>\n<p>&nbsp;<\/p>\n<h5 style=\"text-align: left;\">A woman in her 20s has to cope with a family tragedy that almost destroys her. How can she survive after her sister commits suicide? This poetic literary work wraps a traumatic theme in gentle humour. A train rolls on. Inside, alone in the compartment, a young woman is sitting, wounded in body and soul. She is looking at the landscape outside the window, thinking about her family, reminiscing about cheerful moments spent with her late sister. Why did she do it? No one knows. Marie, the protagonist of the novel, blames herself for her sister\u2019s death. Tormenting thoughts. The wheels spin, the train rattles and sighs, the landscape passes. Marie, the traveller, thinks about all possible methods of suicide, but also about how to cope with life and its tragedies, how to live well in spite of every injury. Could some New Age spirituality perhaps be of any help? As the story goes on, a chain of suicide attempts unwinds, with Marie always hesitant enough to survive.<\/h5>\n<p>&nbsp;<\/p>\n<p>&nbsp;<\/p>\n<p style=\"text-align: center;\"><a href=\"\/?page_id=10449\"><strong>Translated Excerpt<\/strong><\/a><\/p>\n<p>&nbsp;<\/p>\n<p>&nbsp;<\/p>\n<p style=\"text-align: center;\"><strong>EUPL | Video<\/strong><\/p>\n<p>https:\/\/v.youku.com\/v_show\/id_XNTgzMDg1NzU1Mg==.html<\/p>\n<p>&nbsp;<\/p>\n<p>&nbsp;<\/p>\n<p>&nbsp;<\/p>\n<p style=\"text-align: left;\"><strong>Contact Details<\/strong><\/p>\n<h5 style=\"text-align: left;\"><strong>Publisher\uff1a<\/strong><a href=\"mailto:torst@torst.cz\"><u>torst@torst.cz<\/u><\/a><\/h5>\n<h5 style=\"text-align: left;\"><strong><b>Organisation:\u00a0<\/b><\/strong>Nakladatelstv\u00ed Torst<\/h5>\n<h5 style=\"text-align: left;\"><a href=\"http:\/\/www.torst.cz\/czech\/index.php\"><u>http:\/\/www.torst.cz\/czech\/index.php<\/u><\/a><\/h5>\n<h5 style=\"text-align: left;\"><strong>Author\uff1a<a href=\"https:\/\/www.instagram.com\/luciefaulerova\"> Instagram<\/a><\/strong><\/h5>\n<h5 style=\"text-align: center;\"><\/h5>\n","protected":false},"excerpt":{"rendered":"<p>Lucie Faulerov\u00e1, born in 1989, is a writer, editor and &nbsp; &nbsp;<a href=\"http:\/\/eu-china.literaryfestival.eu\/zh-hans\/eupl-lucie-faulerova\/\">&#8230;\u66f4\u591a\u5185\u5bb9<\/a><\/p>\n","protected":false},"author":7,"featured_media":0,"parent":0,"menu_order":0,"comment_status":"closed","ping_status":"closed","template":"","meta":[],"_links":{"self":[{"href":"http:\/\/eu-china.literaryfestival.eu\/zh-hans\/wp-json\/wp\/v2\/pages\/10448"}],"collection":[{"href":"http:\/\/eu-china.literaryfestival.eu\/zh-hans\/wp-json\/wp\/v2\/pages"}],"about":[{"href":"http:\/\/eu-china.literaryfestival.eu\/zh-hans\/wp-json\/wp\/v2\/types\/page"}],"author":[{"embeddable":true,"href":"http:\/\/eu-china.literaryfestival.eu\/zh-hans\/wp-json\/wp\/v2\/users\/7"}],"replies":[{"embeddable":true,"href":"http:\/\/eu-china.literaryfestival.eu\/zh-hans\/wp-json\/wp\/v2\/comments?post=10448"}],"version-history":[{"count":4,"href":"http:\/\/eu-china.literaryfestival.eu\/zh-hans\/wp-json\/wp\/v2\/pages\/10448\/revisions"}],"predecessor-version":[{"id":10778,"href":"http:\/\/eu-china.literaryfestival.eu\/zh-hans\/wp-json\/wp\/v2\/pages\/10448\/revisions\/10778"}],"wp:attachment":[{"href":"http:\/\/eu-china.literaryfestival.eu\/zh-hans\/wp-json\/wp\/v2\/media?parent=10448"}],"curies":[{"name":"wp","href":"https:\/\/api.w.org\/{rel}","templated":true}]}}