{"id":10365,"date":"2021-12-28T05:19:44","date_gmt":"2021-12-28T05:19:44","guid":{"rendered":"http:\/\/eu-china.literaryfestival.eu\/?page_id=10365"},"modified":"2022-01-06T06:03:42","modified_gmt":"2022-01-06T06:03:42","slug":"eupl-edina-szvoren","status":"publish","type":"page","link":"http:\/\/eu-china.literaryfestival.eu\/zh-hans\/eupl-edina-szvoren\/","title":{"rendered":"EUPL &#8211; Edina Szvoren"},"content":{"rendered":"\n<!-- wpsso pinterest pin it image added on 2026-04-30T09:35:21+00:00 -->\n<div class=\"wpsso-pinterest-pin-it-image\" style=\"display:none !important;\">\n<\/div><!-- .wpsso-pinterest-pin-it-image -->\n\n<p><img loading=\"lazy\" class=\"alignnone wp-image-10366 size-full\" src=\"http:\/\/eu-china.literaryfestival.eu\/wp-content\/uploads\/2021\/12\/131.jpg\" alt=\"\" width=\"900\" height=\"383\" srcset=\"http:\/\/eu-china.literaryfestival.eu\/wp-content\/uploads\/2021\/12\/131.jpg 900w, http:\/\/eu-china.literaryfestival.eu\/wp-content\/uploads\/2021\/12\/131-300x128.jpg 300w, http:\/\/eu-china.literaryfestival.eu\/wp-content\/uploads\/2021\/12\/131-768x327.jpg 768w, http:\/\/eu-china.literaryfestival.eu\/wp-content\/uploads\/2021\/12\/131-728x310.jpg 728w, http:\/\/eu-china.literaryfestival.eu\/wp-content\/uploads\/2021\/12\/131-600x255.jpg 600w, http:\/\/eu-china.literaryfestival.eu\/wp-content\/uploads\/2021\/12\/131-800x340.jpg 800w\" sizes=\"(max-width: 900px) 100vw, 900px\" \/><\/p>\n<h5 style=\"text-align: left;\"><strong>Edina Szvoren<\/strong> was born in 1974 in Budapest. An alumna\u00a0of B\u00e9la Bart\u00f3k Music High School, she currently teaches solfeggio and music theory there. She holds a degree as chorus-master from the Franz Liszt Academy of Music. She has had work published regularly since 2005, including two works of prose. Her work has been recognized by the following awards: the S\u00e1ndor Br\u00f3dy prize for the best first prose book of the year in 2011, the Artisjus Prize and the Attila J\u00f3zsef Prize.<\/h5>\n<p>&nbsp;<\/p>\n<p>&nbsp;<\/p>\n<p style=\"text-align: center;\"><strong>EUPL Year 2015 | Winning Book<\/strong><\/p>\n<p><img loading=\"lazy\" class=\"size-medium wp-image-10368 aligncenter\" src=\"http:\/\/eu-china.literaryfestival.eu\/wp-content\/uploads\/2021\/12\/zzzz-203x300.jpg\" alt=\"\" width=\"203\" height=\"300\" srcset=\"http:\/\/eu-china.literaryfestival.eu\/wp-content\/uploads\/2021\/12\/zzzz-203x300.jpg 203w, http:\/\/eu-china.literaryfestival.eu\/wp-content\/uploads\/2021\/12\/zzzz-339x500.jpg 339w, http:\/\/eu-china.literaryfestival.eu\/wp-content\/uploads\/2021\/12\/zzzz-271x400.jpg 271w, http:\/\/eu-china.literaryfestival.eu\/wp-content\/uploads\/2021\/12\/zzzz.jpg 400w\" sizes=\"(max-width: 203px) 100vw, 203px\" \/><\/p>\n<h5 style=\"text-align: center;\"><strong><b><em>NINCS, \u00c9S NE IS LEGYEN<\/em> <\/b><\/strong><\/h5>\n<h5 style=\"text-align: center;\"><strong><b>(THERE IS NONE, NOR LET THERE BE)<\/b><\/strong><\/h5>\n<p>&nbsp;<\/p>\n<h5 style=\"text-align: left;\">Edina Szvoren&#8217;s stories contain a lot of dry humour, yet at the same time they sizzle, as she reveals the drama in the minutiae of human relationships. When describing Szvoren\u2019s literary world, reviewers have brought up the names of two radically different predecessors: the analytical prose of P\u00e9ter N\u00e1das and the graceful giant of grotesque, P\u00e9ter Hajn\u00f3czy. The stories of Nincs, \u00e9s ne is legyen will convince the reader that Szvoren is a mature author with a unique storytelling voice. The family, which is both the centre stage and model of our lives, stands firmly in the middle of the stories, regardless of whether we are struggling on that stage or are just on the outside looking in.<\/h5>\n<p>&nbsp;<\/p>\n<p>&nbsp;<\/p>\n<p style=\"text-align: center;\"><a href=\"\/?page_id=10370\"><strong>Translated Excerpt<\/strong><\/a><\/p>\n<p>&nbsp;<\/p>\n<p style=\"text-align: center;\"><strong>EUPL | Video<\/strong><\/p>\n<p>https:\/\/v.youku.com\/v_show\/id_XNTgzMTczMDcyNA==.html<\/p>\n<p>&nbsp;<\/p>\n<p>&nbsp;<\/p>\n<p>&nbsp;<\/p>\n<p style=\"text-align: left;\"><strong>Contact Details<\/strong><\/p>\n<h5 style=\"text-align: left;\"><strong>Publisher:\u00a0<\/strong><a href=\"mailto:info@palatinuskiado.hu\"><u>info@palatinuskiado.hu<\/u><\/a><\/h5>\n<h5 style=\"text-align: left;\"><strong><b>Organisation:\u00a0<\/b><\/strong>Palatinus<\/h5>\n<h5 style=\"text-align: left;\"><\/h5>\n","protected":false},"excerpt":{"rendered":"<p>Edina Szvoren was born in 1974 in Budapest. An alumna\u00a0o&nbsp; &nbsp;<a href=\"http:\/\/eu-china.literaryfestival.eu\/zh-hans\/eupl-edina-szvoren\/\">&#8230;\u66f4\u591a\u5185\u5bb9<\/a><\/p>\n","protected":false},"author":7,"featured_media":0,"parent":0,"menu_order":0,"comment_status":"closed","ping_status":"closed","template":"","meta":[],"_links":{"self":[{"href":"http:\/\/eu-china.literaryfestival.eu\/zh-hans\/wp-json\/wp\/v2\/pages\/10365"}],"collection":[{"href":"http:\/\/eu-china.literaryfestival.eu\/zh-hans\/wp-json\/wp\/v2\/pages"}],"about":[{"href":"http:\/\/eu-china.literaryfestival.eu\/zh-hans\/wp-json\/wp\/v2\/types\/page"}],"author":[{"embeddable":true,"href":"http:\/\/eu-china.literaryfestival.eu\/zh-hans\/wp-json\/wp\/v2\/users\/7"}],"replies":[{"embeddable":true,"href":"http:\/\/eu-china.literaryfestival.eu\/zh-hans\/wp-json\/wp\/v2\/comments?post=10365"}],"version-history":[{"count":3,"href":"http:\/\/eu-china.literaryfestival.eu\/zh-hans\/wp-json\/wp\/v2\/pages\/10365\/revisions"}],"predecessor-version":[{"id":10783,"href":"http:\/\/eu-china.literaryfestival.eu\/zh-hans\/wp-json\/wp\/v2\/pages\/10365\/revisions\/10783"}],"wp:attachment":[{"href":"http:\/\/eu-china.literaryfestival.eu\/zh-hans\/wp-json\/wp\/v2\/media?parent=10365"}],"curies":[{"name":"wp","href":"https:\/\/api.w.org\/{rel}","templated":true}]}}