{"id":10332,"date":"2021-12-27T12:10:41","date_gmt":"2021-12-27T12:10:41","guid":{"rendered":"http:\/\/eu-china.literaryfestival.eu\/?page_id=10332"},"modified":"2022-01-06T05:57:56","modified_gmt":"2022-01-06T05:57:56","slug":"eupl-masa-kolanovic","status":"publish","type":"page","link":"http:\/\/eu-china.literaryfestival.eu\/zh-hans\/eupl-masa-kolanovic\/","title":{"rendered":"EUPL &#8211; Ma\u0161a Kolanovi\u0107"},"content":{"rendered":"\n<!-- wpsso pinterest pin it image added on 2026-04-30T09:34:41+00:00 -->\n<div class=\"wpsso-pinterest-pin-it-image\" style=\"display:none !important;\">\n<\/div><!-- .wpsso-pinterest-pin-it-image -->\n\n<p><img loading=\"lazy\" class=\"alignnone wp-image-10604 size-full\" src=\"http:\/\/eu-china.literaryfestival.eu\/wp-content\/uploads\/2021\/12\/EUPL_\u5fae\u4fe1\u5c01\u9762-1.jpg\" alt=\"\" width=\"900\" height=\"383\" srcset=\"http:\/\/eu-china.literaryfestival.eu\/wp-content\/uploads\/2021\/12\/EUPL_\u5fae\u4fe1\u5c01\u9762-1.jpg 900w, http:\/\/eu-china.literaryfestival.eu\/wp-content\/uploads\/2021\/12\/EUPL_\u5fae\u4fe1\u5c01\u9762-1-300x128.jpg 300w, http:\/\/eu-china.literaryfestival.eu\/wp-content\/uploads\/2021\/12\/EUPL_\u5fae\u4fe1\u5c01\u9762-1-768x327.jpg 768w, http:\/\/eu-china.literaryfestival.eu\/wp-content\/uploads\/2021\/12\/EUPL_\u5fae\u4fe1\u5c01\u9762-1-728x310.jpg 728w, http:\/\/eu-china.literaryfestival.eu\/wp-content\/uploads\/2021\/12\/EUPL_\u5fae\u4fe1\u5c01\u9762-1-600x255.jpg 600w, http:\/\/eu-china.literaryfestival.eu\/wp-content\/uploads\/2021\/12\/EUPL_\u5fae\u4fe1\u5c01\u9762-1-800x340.jpg 800w\" sizes=\"(max-width: 900px) 100vw, 900px\" \/><\/p>\n<h5 style=\"text-align: left;\"><strong>Ma\u0161a Kolanovi\u0107<\/strong> (born in Zagreb, 1979) works as an associate professor in the Department of Croatian Studies at the Faculty of Humanities and Social Sciences, University of Zagreb. She graduated from the same faculty with a degree in Croatian language and comparative literature and a PhD. So far, she has published a number of articles on literature and popular culture, as well as the following novels: <em><i>Slobo\u0161tina Barbie<\/i><\/em>\u00a0(V.B.Z., Zagreb, 2008; translated into German as Underground Barbie, Prospero Verlag, Berlin-M\u00fcnster, 2012) and <em><i>Po\u0161tovani kukci i druge jezive pri\u010de<\/i><\/em>\u00a0(Dear Insects and Other Scary Stories, Profil knjiga d.o.o., Zagreb, 2019). She has also published two poetry books, <em><i>Pijavice za usamljene<\/i><\/em>\u00a0(Leeches for the Lonely, Student Center, Zagreb, 2001) and <em><i>Jamerika<\/i><\/em>\u00a0(Algoritam, Zagreb, 2013), and one monograph, <em><i>Udarnik! Buntovnik?\u00a0Potro\u0161a\u010d\u2026 <\/i><\/em>(Striker! Rebel? Consumer\u2026, Naklada Ljevak, Zagreb, 2011), and has also edited <em><i>Komparativni postsocijalizam: slavenska iskustva<\/i><\/em>\u00a0(Comparative Postsocialism: Slavic Experiences, Zagreb, Slavic School and FF Press, Zagreb, 2013) and <em><i>The Cultural Life of Capitalism in Yugoslavia<\/i><\/em>\u00a0(with D. Jela\u010da and D. Lugari\u0107, Palgrave Macmillan, New York and London, 2017).<\/h5>\n<p>&nbsp;<\/p>\n<p>&nbsp;<\/p>\n<p style=\"text-align: center;\"><strong>EUPL Year 2020 | Winning Book<\/strong><\/p>\n<p><img loading=\"lazy\" class=\"size-medium wp-image-10326 aligncenter\" src=\"http:\/\/eu-china.literaryfestival.eu\/wp-content\/uploads\/2021\/12\/\u56fe\u72475-1-300x258.jpg\" alt=\"\" width=\"300\" height=\"258\" srcset=\"http:\/\/eu-china.literaryfestival.eu\/wp-content\/uploads\/2021\/12\/\u56fe\u72475-1-300x258.jpg 300w, http:\/\/eu-china.literaryfestival.eu\/wp-content\/uploads\/2021\/12\/\u56fe\u72475-1.jpg 465w\" sizes=\"(max-width: 300px) 100vw, 300px\" \/><\/p>\n<h5 style=\"text-align: center;\"><em><strong>PO\u0160TOVANI KUKCI I DRUGE JEZIVE PRI\u010cE <\/strong><\/em><\/h5>\n<h5 style=\"text-align: center;\"><strong>(DEAR INSECTS AND OTHER SCARY STORIES)<\/strong><\/h5>\n<p>&nbsp;<\/p>\n<h5 style=\"text-align: left;\">This book tells of the absurdity of existence, connected to ruthless capitalism, with protagonists who try to preserve their dignity while floundering like bugs and sometimes literally \u2018cracking up\u2019. There are 12 stories with a range of compelling topics. An old aunt afraid of being buried alive decides to bring her cellphone to the grave, asking her family to call her the day after the funeral. A storyteller reads advertising slogans from IKEA\u2019s catalogue to her dying husband and the former director of a department store. A girl whose mother died of colon cancer opens her mum\u2019s wardrobe to find her \u2018spending diary\u2019 about how and what she bought through eBay, frantically spending money in order not to think about her diagnosis. An old father finds himself in the hands of a teleoperator with whom he signed an unfavourable contract, and begins to get huge bills because he can\u2019t handle technology. A child asks her parents to get her exactly the sort of doll she happened to see in a documentary about Chernobyl. All 12 of them are stories in which life and death intertwine alongside laughter, some tears in the eyes and a lump in the throat.<\/h5>\n<p>&nbsp;<\/p>\n<p>&nbsp;<\/p>\n<p style=\"text-align: center;\"><a href=\"\/?page_id=10333\"><strong>Translated Excerpt<\/strong><\/a><\/p>\n<p>&nbsp;<\/p>\n<p>&nbsp;<\/p>\n<p style=\"text-align: center;\"><strong>EUPL | Video<\/strong><\/p>\n<p>https:\/\/v.youku.com\/v_show\/id_XNTgzMDI5OTYxMg==.html<\/p>\n<p>&nbsp;<\/p>\n<p>&nbsp;<\/p>\n<p>&nbsp;<\/p>\n<p>&nbsp;<\/p>\n<p style=\"text-align: left;\"><strong>Contact Details<\/strong><\/p>\n<h5 style=\"text-align: left;\"><strong>Publisher\uff1a <\/strong><a href=\"mailto:adriana.pitesa@profil.hr\"><u>adriana.pitesa@profil.hr<\/u><\/a><\/h5>\n<h5 style=\"text-align: left;\"><strong>Organisation:\u00a0<\/strong> Profil knjiga d.o.o.<\/h5>\n<h5 style=\"text-align: left;\"><strong>Author\uff1a<\/strong> <a href=\"mailto:masa.kolanovic@gmail.com\">masa.kolanovic@gmail.com<\/a><\/h5>\n<p style=\"text-align: left;\">\n<p style=\"text-align: left;\">\n","protected":false},"excerpt":{"rendered":"<p>Ma\u0161a Kolanovi\u0107 (born in Zagreb, 1979) works as an assoc&nbsp; &nbsp;<a href=\"http:\/\/eu-china.literaryfestival.eu\/zh-hans\/eupl-masa-kolanovic\/\">&#8230;\u66f4\u591a\u5185\u5bb9<\/a><\/p>\n","protected":false},"author":7,"featured_media":0,"parent":0,"menu_order":0,"comment_status":"closed","ping_status":"closed","template":"","meta":[],"_links":{"self":[{"href":"http:\/\/eu-china.literaryfestival.eu\/zh-hans\/wp-json\/wp\/v2\/pages\/10332"}],"collection":[{"href":"http:\/\/eu-china.literaryfestival.eu\/zh-hans\/wp-json\/wp\/v2\/pages"}],"about":[{"href":"http:\/\/eu-china.literaryfestival.eu\/zh-hans\/wp-json\/wp\/v2\/types\/page"}],"author":[{"embeddable":true,"href":"http:\/\/eu-china.literaryfestival.eu\/zh-hans\/wp-json\/wp\/v2\/users\/7"}],"replies":[{"embeddable":true,"href":"http:\/\/eu-china.literaryfestival.eu\/zh-hans\/wp-json\/wp\/v2\/comments?post=10332"}],"version-history":[{"count":4,"href":"http:\/\/eu-china.literaryfestival.eu\/zh-hans\/wp-json\/wp\/v2\/pages\/10332\/revisions"}],"predecessor-version":[{"id":10776,"href":"http:\/\/eu-china.literaryfestival.eu\/zh-hans\/wp-json\/wp\/v2\/pages\/10332\/revisions\/10776"}],"wp:attachment":[{"href":"http:\/\/eu-china.literaryfestival.eu\/zh-hans\/wp-json\/wp\/v2\/media?parent=10332"}],"curies":[{"name":"wp","href":"https:\/\/api.w.org\/{rel}","templated":true}]}}